{"id":1712,"date":"2023-07-10T18:48:21","date_gmt":"2023-07-10T18:48:21","guid":{"rendered":"https:\/\/salonstolz.at\/contributors-and-organizers\/"},"modified":"2023-07-26T09:13:43","modified_gmt":"2023-07-26T09:13:43","slug":"contributors-and-organizers","status":"publish","type":"page","link":"https:\/\/salonstolz.at\/en\/contributors-and-organizers\/","title":{"rendered":"Contributors and organizers"},"content":{"rendered":"<div  class='flex_column av-2yn6xp-823af162ede68514a995803b7bfe2d6a av_one_full  avia-builder-el-0  avia-builder-el-no-sibling  first flex_column_div  '     ><section  class='av_textblock_section av-ljwy8e6y-c64b85aff72490449b5aa76b919092f9 '   itemscope=\"itemscope\" itemtype=\"https:\/\/schema.org\/CreativeWork\" ><div class='avia_textblock'  itemprop=\"text\" ><h1>Contributors and organizers<\/h1>\n<p><strong>DEVELOPMENT, CURATORIAL CONCEPT &amp; PROJECT IMPLEMENTATION<br \/>\n<\/strong>KIMUS Kindermuseum Graz GmbH<\/p>\n<p><strong>CONSTRUCTION: ARCHITECTURE &amp; SITE SUPERVISION<br \/>\n<\/strong>architektursalon | Andreas Salfellner, Andreas Mayer<\/p>\n<p>General contractor for the client KIMUS Kindermuseum Graz GmbH GGZ Geriatric Health Centres of the City of Graz | Gerd Hartinger, Franz Scheucher<\/p>\n<p>Client representation | City of Graz Construction Directorate \u2013 Department of Building Construction | Project manager Christian Klimascek<\/p>\n<p><strong>PROJECT MANAGEMENT<br \/>\n<\/strong>J\u00f6rg Ehtreiber<\/p>\n<p><strong>CURATOR<br \/>\n<\/strong>Gerlinde Podjaversek<\/p>\n<p><strong>PROJECT COORDINATION<br \/>\n<\/strong>Claudia Scheibelhofer<\/p>\n<p><strong>CONSULTANT INCLUSION AND ACCESSIBILITY<br \/>\n<\/strong>Alexandra Sommer<\/p>\n<p><strong>CURATORIAL STAFF<br \/>\n<\/strong>Nora Bugram<br \/>\nBettina Deutsch-Dabernig<br \/>\nLuise Kloos<br \/>\nClemens Anton Klug<br \/>\nMirjam Sch\u00f6berl<\/p>\n<p><strong>EXHIBITION ARCHITECTURE AND DESIGN<br \/>\n<\/strong>Sonya Grundner<br \/>\nTinka Molkenthin<br \/>\nElisabeth Wohlschlager<\/p>\n<p><strong>MUSICAL ARRANGEMENTS &amp; CONSULTATION<br \/>\n<\/strong>Siegmund Andraschek<\/p>\n<p><strong>MUSIC<br \/>\n<\/strong>Philharmonic Orchestra of the Graz Opera, conductor: Marius Burkert<br \/>\nYouth Wind Orchestra of the State of Styria<br \/>\n\u201cAlle Achtung\u201d: Max Bieder, Romina Denaro, Patrick Freisinger, Christian Stani, Robert Veigl<br \/>\nSingers: Martina Dorak, Kammers\u00e4nger Josef Luftensteiner, Juliette Khalil (all Volksoper Wien)<br \/>\nMichel Nikolov<\/p>\n<p><strong>Musical Dice:<br \/>\n<\/strong>Margret Amreich (bassoon)<br \/>\nGabriel Jud (flugelhorn)<br \/>\nLeonhard Jud (drums)<br \/>\nWolfgang Jud (flugelhorn)<br \/>\nJosef Mostetschnig (violin)<br \/>\nBernhard Richter (xylophone)<br \/>\nLara Richter (xylophone)<br \/>\nSophie Spanner (Styrian accordion)<br \/>\nNina Tantscher (bassoon)<\/p>\n<p><strong>ARTISTIC REALISATION DANCE HALL<br \/>\n<\/strong>Compagnia TPO | Davide Venturini<\/p>\n<p><strong>HEAD OF DANCE TEAM<br \/>\n<\/strong>Maria Lackner<\/p>\n<p><strong>DANCERS \u201cMELODIA\u201d<br \/>\n<\/strong>Ida Adlgasser<br \/>\nNicola Ceplak<br \/>\nSylena Herbst<br \/>\nLisa Lerch<br \/>\nC\u00e4cilia Raab<br \/>\nSusanna Rechberger<br \/>\nPaula Z\u00f6ch<\/p>\n<p><strong>MULTI-MEDIA INSTALLATION<br \/>\n<\/strong>FH JOANNEUM, degree programmes Data and Information Management, Digital Media Technologies | Alexander K Nischelwitzer, Sandra Schadenbauer, Michael Freidl, Klaus Lunatschek, Lorenz Possnig<\/p>\n<p><strong>AUDIO &amp; VIDEO PRODUCTION<br \/>\n<\/strong>Soundscape |Horst Schnattler, Eli Frauscher, Florian Kettenbach<br \/>\nMarkus M\u00f6rth \u2012 Music for Generations<br \/>\nSarah Radoji\u010di\u0107<br \/>\nLaura Beatrice Raffer<br \/>\nSteirischer Landesverband der Geh\u00f6rlosenvereine (Styrian State Association of Societies for the Deaf and Hard of Hearing)<\/p>\n<p><strong>GRAPHIC DESIGN<br \/>\n<\/strong>Cuba Brandvertising | Rainer Pammer, Elma Karamujic<\/p>\n<p><strong>ILLUSTRATIONS<br \/>\n<\/strong>Carmen Cordial<\/p>\n<p><strong>SCULPTURE<br \/>\n<\/strong>Markus Wilfling<\/p>\n<p><strong>LIGHTING &amp; EVENT DESIGN<br \/>\n<\/strong>Mike Heid<br \/>\nJakob Bogensperger<br \/>\nBernd Egger<br \/>\nRene Egger<br \/>\nWolfi Fries<br \/>\nHorst Kellner<br \/>\nAndreas Neumann<br \/>\nClemens Riedl<br \/>\nSteve Wildmann<strong>\u00a0<\/strong><\/p>\n<p><strong>MODEL MAKERS<br \/>\n<\/strong>Kurt Ansperger<br \/>\nApfelHerz<br \/>\nArt &amp; Event \u2013 Theatre Service Graz<br \/>\nVRVis Zentrum f\u00fcr Virtual Reality und Visualisierungs-Forschung GmbH | Andreas Reichinger<\/p>\n<p><strong>RESTORATION<br \/>\n<\/strong>Anna Schwinger<\/p>\n<p><strong>SIGN LANGUAGE INTERPRETERS<br \/>\n<\/strong>Eva Anderhuber-Tutsch<br \/>\nNicole Pirker<br \/>\nIlona Seidel-Jerey<\/p>\n<p><strong>VOICE-OVER ARTISTS<br \/>\n<\/strong>Melodia | Robert Stolz: Christoph Krall<br \/>\nStage of Life | Robert Stolz: Florentin Groll<br \/>\nElectric guitar: Alexander Doms<br \/>\nFlute: Barbara Kier<br \/>\nPiano: Stephanie Laurich<br \/>\nDrum: Raphael Muff<br \/>\nSaxophone: Bettina Schurek<br \/>\nViolin: Iman Tekle<br \/>\nTrombone: Marc Vogel<br \/>\nTrumpet: Sandro Weiss<\/p>\n<p><strong>EDITOR GERMAN<br \/>\n<\/strong>J\u00f6rg Eipper-Kaiser<\/p>\n<p><strong>ENGLISH TRANSLATION<br \/>\n<\/strong>Y\u2019plus | Katharina Pils<\/p>\n<p><strong>CONSULTANT ACOUSTICS<br \/>\n<\/strong>M\u00fcller-BBM GmbH | G\u00fcnter Frank, Stefan Fuhs<\/p>\n<p><strong>CONSULTATION &amp; IMPLEMENTATION INDUCTION LOOPS<br \/>\n<\/strong>Induktionsschleife.at | Harald Schmatz<\/p>\n<p><strong>EXHIBITION CONSTRUCTION<br \/>\n<\/strong>Johannes Ramsl<br \/>\nAlexander Triebel-Mudrak<br \/>\nGeorge Daniel Gorgan<br \/>\nChristoph Gruber<br \/>\nMichael Huber<br \/>\nHerbert Lenz<\/p>\n<p><strong>SCREEN DESIGN WEB<br \/>\n<\/strong>Cuba Brandvertising | Rainer Pammer<\/p>\n<p>IFDT GmbH | Philipp Leitner<\/p>\n<p><strong>FINANCES<br \/>\n<\/strong>Barbara Lamot<\/p>\n<p><strong>ACCOUNTING &amp; PURCHASING<br \/>\n<\/strong>Leonita Krapi, Monika Rosenzopf, Naida Selmann<\/p>\n<p><strong>PROGRAMME DESIGN &amp; COORDINATION<br \/>\n<\/strong>Linda Lexner<br \/>\nNikola K\u00f6hler-Kroath<\/p>\n<p><strong>VISITOR MANAGEMENT<br \/>\n<\/strong>Barbara Malik<br \/>\nIngrid Stipper-Lackner<\/p>\n<p><strong>DAY-TO-DAY OPERATION<br \/>\n<\/strong>Maria Lackner<br \/>\nThomas Tockner<\/p>\n<p><strong>PUBLIC RELATIONS &amp; MARKETING<br \/>\n<\/strong>Kathleen Gr\u00fcner<br \/>\nMarcus Heider<br \/>\nPetra Heider<\/p>\n<p><strong>PROJECT PARTNERS INCLUSION &amp; INCLUSION AMBASSADORS<br \/>\n<\/strong>Beratungszentrum f\u00fcr Menschen mit Behinderung (counselling centre for people with disabilities) | Tanja K\u00fcgerl, Thomas Kiu-Mossier<br \/>\nCity of Graz representative for people with disabilities | Wolfgang Palle<br \/>\nStyrian Federation of the Blind and Partially Sighted | Christian Schoier, Linda Kanzler, Heidi Scheer<br \/>\nDepartment of Accessible Construction | Constanze Koch-Schmuckerschlag, Ursula Maitz, Robert Zawodnik<br \/>\nSteierm\u00e4rkischer Monitoringausschuss f\u00fcr Menschen mit Behinderungen (Styrian Monitoring Committee for People with Disabilities) | Heinz Sailer<br \/>\nSteirischer Landesverband der Geh\u00f6rlosenvereine (Styrian State Association of Societies for the Deaf and Hard of Hearing) | Sarah Radoji\u010di\u0107<br \/>\nSelbstbestimmt Leben | Dietmar Ogris, Robert Konegger<\/p>\n<p>Tamara G\u00f6dl<br \/>\nMatthias Grasser<br \/>\nWilhelm K\u00f6chel<br \/>\nAnn Linhart-Eicher<br \/>\nYulietta Pauritsch<br \/>\nElisabeth Reidl<br \/>\nJohann Stadler<br \/>\nChristian Stalzer<\/p>\n<p><strong>COOPERATION PARTNERS<br \/>\n<\/strong>KUG University of Music and Performing Arts Graz<br \/>\nGraz Opera<\/p>\n<p><strong>PROJECT PARTNERS<\/strong><strong> GERIATRIC HEALTH CENTRES OF THE CITY OF GRAZ<br \/>\n<\/strong>Gerd Hartinger<br \/>\nFranz Scheucher<br \/>\nUlrike Kretschi<br \/>\nDoris Pilger<br \/>\nAlbin Wiesenhofer<br \/>\nMartina Bohnstingl<br \/>\nAlexandra F\u00fcrst<br \/>\nJacqueline Grill<br \/>\nCornelia Jahn<br \/>\nDaniela Langmann<br \/>\nBettina Pertschy<br \/>\nKerstin Pirstinger<br \/>\nKlaus Sauseng<br \/>\nRene Schuiki<br \/>\nManuel Supper<\/p>\n<p><strong>SPECIAL THANKS TO<br \/>\n<\/strong>Clarissa Henry<br \/>\nHans Stolz<br \/>\nElisabeth Potzinger<\/p>\n<p>Albert Schweitzer Institute for Geriatrics and Gerontology | Judith Goldgruber, Kerstin L\u00f6ffler<br \/>\nAVL List GmbH<br \/>\nGraz Museum | Wolfram Dornik, Eva Schantl<br \/>\nKlavierhaus Fiedler &amp; Sohn | Stephan Fiedler<br \/>\nArt collection of the City of Graz\/Cultural Department | Bernadette Mu\u00dfbacher<br \/>\nMusic Society of the City of St. Johann im Saggautal<\/p>\n<p><strong>IMAGE CREDITS<\/strong><\/p>\n<p>Austrian sign language video | Exhibition area Stage of Life<\/p>\n<ul>\n<li>Electric guitar: \u00a9martijnmulder\/istockphoto.com<\/li>\n<li>Piano: \u00a9artisteer\/istockphoto.com<\/li>\n<li>Snare drum: \u00a9lyongyuth\/istockphoto.com<\/li>\n<li>Trombone: \u00a9ayzek\/istockphoto.com<\/li>\n<li>Flute: \u00a9bmcent1\/istockphoto.com<\/li>\n<li>Saxophone: \u00a9agcuesta\/istockphoto.com<\/li>\n<li>Trumpet: \u00a9<a href=\"https:\/\/www.istockphoto.com\/de\/portfolio\/EmilioFerraraPhotography?mediatype=photography\">Emilio Ferrara<\/a>\/istockphoto.com<\/li>\n<li>Violin: \u00a9Petrichuk\/istockphoto.com<\/li>\n<\/ul>\n<\/div><\/section><\/div>\n","protected":false},"excerpt":{"rendered":"","protected":false},"author":1,"featured_media":0,"parent":0,"menu_order":0,"comment_status":"closed","ping_status":"closed","template":"","meta":{"footnotes":""},"class_list":["post-1712","page","type-page","status-publish","hentry"],"_links":{"self":[{"href":"https:\/\/salonstolz.at\/en\/wp-json\/wp\/v2\/pages\/1712","targetHints":{"allow":["GET"]}}],"collection":[{"href":"https:\/\/salonstolz.at\/en\/wp-json\/wp\/v2\/pages"}],"about":[{"href":"https:\/\/salonstolz.at\/en\/wp-json\/wp\/v2\/types\/page"}],"author":[{"embeddable":true,"href":"https:\/\/salonstolz.at\/en\/wp-json\/wp\/v2\/users\/1"}],"replies":[{"embeddable":true,"href":"https:\/\/salonstolz.at\/en\/wp-json\/wp\/v2\/comments?post=1712"}],"version-history":[{"count":0,"href":"https:\/\/salonstolz.at\/en\/wp-json\/wp\/v2\/pages\/1712\/revisions"}],"wp:attachment":[{"href":"https:\/\/salonstolz.at\/en\/wp-json\/wp\/v2\/media?parent=1712"}],"curies":[{"name":"wp","href":"https:\/\/api.w.org\/{rel}","templated":true}]}}